{"id":14,"date":"2025-02-28T14:52:44","date_gmt":"2025-02-28T14:52:44","guid":{"rendered":"https:\/\/speedyuruguay.com\/tienda\/?post_type=product&#038;p=14"},"modified":"2025-09-09T18:18:07","modified_gmt":"2025-09-09T18:18:07","slug":"agil","status":"publish","type":"product","link":"https:\/\/speedyuruguay.com\/canelones\/producto\/agil\/","title":{"rendered":"\u00c1GIL"},"content":{"rendered":"<ul>\n<li>Velocidad \u00a0Sim\u00e9trica 200\/200 Mbps<\/li>\n<li>Datos ILIMITADO<\/li>\n<li>Router Wifi dual band<\/li>\n<li>Sin pagar telefon\u00eda fija<\/li>\n<li>Tasa de conexi\u00f3n sin cargo*<\/li>\n<li>20% de descuento por <strong>12 meses<\/strong><\/li>\n<\/ul>\n","protected":false},"excerpt":{"rendered":"<p><strong data-start=\"1522\" data-end=\"1641\">Plan \u00c1GIL \u2013 buena velocidad para navegar y videollamadas. Router incluido y datos ilimitados. Instalaci\u00f3n gratuita.<\/strong><br data-start=\"1641\" data-end=\"1644\" \/>Complet\u00e1 tus datos y te contactamos para ver si tu zona est\u00e1 cubierta. Sin obligaci\u00f3n de contratar.<\/p>\n","protected":false},"featured_media":971,"template":"","meta":[],"product_brand":[],"product_cat":[16],"product_tag":[],"class_list":{"0":"post-14","1":"product","2":"type-product","3":"status-publish","4":"has-post-thumbnail","6":"product_cat-canelones","8":"first","9":"instock","10":"sale","11":"sold-individually","12":"shipping-taxable","13":"purchasable","14":"product-type-simple"},"_links":{"self":[{"href":"https:\/\/speedyuruguay.com\/canelones\/wp-json\/wp\/v2\/product\/14","targetHints":{"allow":["GET"]}}],"collection":[{"href":"https:\/\/speedyuruguay.com\/canelones\/wp-json\/wp\/v2\/product"}],"about":[{"href":"https:\/\/speedyuruguay.com\/canelones\/wp-json\/wp\/v2\/types\/product"}],"wp:featuredmedia":[{"embeddable":true,"href":"https:\/\/speedyuruguay.com\/canelones\/wp-json\/wp\/v2\/media\/971"}],"wp:attachment":[{"href":"https:\/\/speedyuruguay.com\/canelones\/wp-json\/wp\/v2\/media?parent=14"}],"wp:term":[{"taxonomy":"product_brand","embeddable":true,"href":"https:\/\/speedyuruguay.com\/canelones\/wp-json\/wp\/v2\/product_brand?post=14"},{"taxonomy":"product_cat","embeddable":true,"href":"https:\/\/speedyuruguay.com\/canelones\/wp-json\/wp\/v2\/product_cat?post=14"},{"taxonomy":"product_tag","embeddable":true,"href":"https:\/\/speedyuruguay.com\/canelones\/wp-json\/wp\/v2\/product_tag?post=14"}],"curies":[{"name":"wp","href":"https:\/\/api.w.org\/{rel}","templated":true}]}}